{"id":1326,"date":"2025-06-18T09:44:56","date_gmt":"2025-06-18T09:44:56","guid":{"rendered":"https:\/\/bbyzorg.nl\/?page_id=1326"},"modified":"2026-04-09T12:06:13","modified_gmt":"2026-04-09T12:06:13","slug":"vacature-lid-clientenraad","status":"publish","type":"page","link":"https:\/\/bbyzorg.nl\/es\/vacature-lid-clientenraad\/","title":{"rendered":"Vacante: Miembro del Consejo de Clientes"},"content":{"rendered":"<p>[et_pb_section fb_built=&#8221;1&#8243; fullwidth=&#8221;on&#8221; _builder_version=&#8221;4.27.4&#8243; _module_preset=&#8221;default&#8221; global_colors_info=&#8221;{}&#8221;][et_pb_fullwidth_header title=&#8221;Lid Cli\u00ebntenraad bij Bby Zorg BV gezocht!&#8221; text_orientation=&#8221;center&#8221; _builder_version=&#8221;4.27.4&#8243; _module_preset=&#8221;default&#8221; title_font=&#8221;Alwyn Bold|700|||||||&#8221; title_font_size=&#8221;35px&#8221; title_letter_spacing=&#8221;1px&#8221; title_line_height=&#8221;1.4em&#8221; background_color=&#8221;#78BE20&#8243; global_colors_info=&#8221;{}&#8221;][\/et_pb_fullwidth_header][\/et_pb_section][et_pb_section fb_built=&#8221;1&#8243; admin_label=&#8221;Services&#8221; _builder_version=&#8221;4.16&#8243; _module_preset=&#8221;default&#8221; custom_padding=&#8221;90px||90px|&#8221; locked=&#8221;off&#8221; global_colors_info=&#8221;{}&#8221;][et_pb_row _builder_version=&#8221;4.16&#8243; _module_preset=&#8221;default&#8221; background_size=&#8221;initial&#8221; background_position=&#8221;top_left&#8221; background_repeat=&#8221;repeat&#8221; custom_width_px=&#8221;710px&#8221; global_colors_info=&#8221;{}&#8221;][et_pb_column type=&#8221;4_4&#8243; _builder_version=&#8221;4.16&#8243; _module_preset=&#8221;default&#8221; background_position=&#8221;top_left&#8221; custom_padding=&#8221;|||&#8221; global_colors_info=&#8221;{}&#8221; custom_padding__hover=&#8221;|||&#8221;][et_pb_text admin_label=&#8221;Services Section Title&#8221; _builder_version=&#8221;4.27.5&#8243; _module_preset=&#8221;default&#8221; text_font=&#8221;Alwyn Bold||||||||&#8221; text_text_color=&#8221;#78BE20&#8243; header_font=&#8221;Alwyn Bold||||||||&#8221; header_text_color=&#8221;#78BE20&#8243; header_font_size=&#8221;35px&#8221; text_orientation=&#8221;center&#8221; max_width=&#8221;710px&#8221; module_alignment=&#8221;center&#8221; animation_style=&#8221;fold&#8221; animation_direction=&#8221;bottom&#8221; animation_intensity_fold=&#8221;20%&#8221; hover_enabled=&#8221;0&#8243; global_colors_info=&#8221;{}&#8221; sticky_enabled=&#8221;0&#8243;]<\/p>\n<h1><span data-contrast=\"auto\" xml:lang=\"NL-NL\" lang=\"NL-NL\" class=\"TextRun SCXW179567022 BCX0\" style=\"color: #99cc00;\"><span class=\"NormalTextRun SCXW179567022 BCX0\" data-ccp-parastyle=\"No Spacing\">Deelnemers cli\u00ebntenraad gezocht\u00a0<\/span><\/span><\/h1>\n<p>[\/et_pb_text][et_pb_text admin_label=&#8221;Services Section Subtitle&#8221; _builder_version=&#8221;4.27.5&#8243; _module_preset=&#8221;default&#8221; text_font=&#8221;Alwyn Bold||||||||&#8221; text_text_color=&#8221;#78BE20&#8243; text_font_size=&#8221;19px&#8221; text_line_height=&#8221;1.9em&#8221; background_size=&#8221;initial&#8221; background_position=&#8221;top_left&#8221; background_repeat=&#8221;repeat&#8221; text_orientation=&#8221;center&#8221; max_width=&#8221;710px&#8221; module_alignment=&#8221;center&#8221; animation_style=&#8221;fold&#8221; animation_direction=&#8221;bottom&#8221; animation_intensity_fold=&#8221;20%&#8221; hover_enabled=&#8221;0&#8243; global_colors_info=&#8221;{}&#8221; sticky_enabled=&#8221;0&#8243;]<\/p>\n<p>Jouw advies is belangrijk! Ben jij (aanstaande) ouder en cli\u00ebnt van Bby Zorg en zou je willen meedenken over betere zorg rondom bevalling en kraamzorg? Wij zijn op zoek naar betrokken cli\u00ebnten die hun ervaringen willen delen. De Cli\u00ebntenraad vertegenwoordigt de cli\u00ebnten van Bby Zorg B.V. en komt op voor hun belangen, praat mee over nieuwe ontwikkelingen binnen de geboortezorg en geeft gevraagd en ongevraagd advies over het beleid van de organisatie en de regionale samenwerkingsverbanden.<\/p>\n<p><span data-contrast=\"auto\" xml:lang=\"NL-NL\" lang=\"NL-NL\" class=\"TextRun SCXW131386322 BCX0\"><span class=\"NormalTextRun SCXW131386322 BCX0\"> <\/span><\/span><span class=\"EOP SCXW131386322 BCX0\" data-ccp-props=\"{&quot;201341983&quot;:0,&quot;335559739&quot;:0,&quot;335559740&quot;:240}\">\u00a0<\/span><\/p>\n<p>[\/et_pb_text][\/et_pb_column][\/et_pb_row][et_pb_row _builder_version=&#8221;4.16&#8243; _module_preset=&#8221;default&#8221; background_size=&#8221;initial&#8221; background_position=&#8221;top_left&#8221; background_repeat=&#8221;repeat&#8221; custom_width_px=&#8221;710px&#8221; global_colors_info=&#8221;{}&#8221;][et_pb_column type=&#8221;4_4&#8243; _builder_version=&#8221;4.16&#8243; _module_preset=&#8221;default&#8221; background_position=&#8221;top_left&#8221; custom_padding=&#8221;|||&#8221; global_colors_info=&#8221;{}&#8221; custom_padding__hover=&#8221;|||&#8221;][et_pb_text admin_label=&#8221;Services Section Title&#8221; _builder_version=&#8221;4.17.4&#8243; _module_preset=&#8221;default&#8221; text_font=&#8221;Alwyn Bold||||||||&#8221; text_text_color=&#8221;#78BE20&#8243; header_font=&#8221;Alwyn Bold||||||||&#8221; header_text_color=&#8221;#78BE20&#8243; header_font_size=&#8221;35px&#8221; text_orientation=&#8221;center&#8221; max_width=&#8221;710px&#8221; module_alignment=&#8221;center&#8221; animation_style=&#8221;fold&#8221; animation_direction=&#8221;bottom&#8221; animation_intensity_fold=&#8221;20%&#8221; global_colors_info=&#8221;{}&#8221;]<\/p>\n<h1><span data-contrast=\"none\" xml:lang=\"NL-NL\" lang=\"NL-NL\" class=\"TextRun SCXW209975614 BCX0\" style=\"color: #99cc00;\"><span class=\"NormalTextRun SCXW209975614 BCX0\">Wat vragen wij?<\/span><\/span><\/h1>\n<p>[\/et_pb_text][et_pb_text admin_label=&#8221;Services Section Subtitle&#8221; _builder_version=&#8221;4.27.5&#8243; _module_preset=&#8221;default&#8221; text_font=&#8221;Alwyn Bold||||||||&#8221; text_text_color=&#8221;#78BE20&#8243; text_font_size=&#8221;19px&#8221; text_line_height=&#8221;1.9em&#8221; background_size=&#8221;initial&#8221; background_position=&#8221;top_left&#8221; background_repeat=&#8221;repeat&#8221; text_orientation=&#8221;center&#8221; max_width=&#8221;710px&#8221; module_alignment=&#8221;center&#8221; animation_style=&#8221;fold&#8221; animation_direction=&#8221;bottom&#8221; animation_intensity_fold=&#8221;20%&#8221; hover_enabled=&#8221;0&#8243; global_colors_info=&#8221;{}&#8221; sticky_enabled=&#8221;0&#8243;]<\/p>\n<ul>\n<li style=\"text-align: left;\">Je bent cli\u00ebnt (geweest) bij Bby Zorg B.V. (partners zijn ook welkom).<\/li>\n<li style=\"text-align: left;\">Interesse voor (ontwikkelingen in) de geboortezorg.<\/li>\n<li style=\"text-align: left;\">Je bent gemotiveerd om de gemeenschappelijke belangen van onze cli\u00ebnten te behartigen.<\/li>\n<li style=\"text-align: left;\">Je vindt het leuk om na te denken over de toekomst en kwaliteit van onze zorg.<\/li>\n<li style=\"text-align: left;\">Je kunt goed omgaan met vertrouwelijke informatie.<\/li>\n<li style=\"text-align: left;\">Je hebt een kritische en positieve houding.<\/li>\n<li style=\"text-align: left;\">Je hebt goede communicatieve en sociale vaardigheden.<\/li>\n<li style=\"text-align: left;\">Indien gevraagd sta je in contact met regionale Verloskundige Samenwerkingsverbanden (VSV).<\/li>\n<\/ul>\n<p>[\/et_pb_text][\/et_pb_column][\/et_pb_row][et_pb_row _builder_version=&#8221;4.16&#8243; _module_preset=&#8221;default&#8221; background_size=&#8221;initial&#8221; background_position=&#8221;top_left&#8221; background_repeat=&#8221;repeat&#8221; custom_width_px=&#8221;710px&#8221; global_colors_info=&#8221;{}&#8221;][et_pb_column type=&#8221;4_4&#8243; _builder_version=&#8221;4.16&#8243; _module_preset=&#8221;default&#8221; background_position=&#8221;top_left&#8221; custom_padding=&#8221;|||&#8221; global_colors_info=&#8221;{}&#8221; custom_padding__hover=&#8221;|||&#8221;][et_pb_text admin_label=&#8221;Services Section Title&#8221; _builder_version=&#8221;4.17.4&#8243; _module_preset=&#8221;default&#8221; text_font=&#8221;Alwyn Bold||||||||&#8221; text_text_color=&#8221;#78BE20&#8243; header_font=&#8221;Alwyn Bold||||||||&#8221; header_text_color=&#8221;#78BE20&#8243; header_font_size=&#8221;35px&#8221; text_orientation=&#8221;center&#8221; max_width=&#8221;710px&#8221; module_alignment=&#8221;center&#8221; animation_style=&#8221;fold&#8221; animation_direction=&#8221;bottom&#8221; animation_intensity_fold=&#8221;20%&#8221; global_colors_info=&#8221;{}&#8221;]<\/p>\n<h1><span data-contrast=\"none\" xml:lang=\"NL-NL\" lang=\"NL-NL\" class=\"TextRun SCXW209975614 BCX0\" style=\"color: #99cc00;\"><span class=\"NormalTextRun SCXW209975614 BCX0\"><span class=\"EOP SCXW155010392 BCX0\" data-ccp-props=\"{&quot;201341983&quot;:0,&quot;335559739&quot;:0,&quot;335559740&quot;:240}\">Tijdsinvestering\u00a0<\/span> <\/span><\/span><span class=\"EOP SCXW209975614 BCX0\" data-ccp-props=\"{&quot;201341983&quot;:0,&quot;335559739&quot;:160,&quot;335559740&quot;:259}\">\u00a0<\/span><\/h1>\n<p>[\/et_pb_text][et_pb_text admin_label=&#8221;Services Section Subtitle&#8221; _builder_version=&#8221;4.17.4&#8243; _module_preset=&#8221;default&#8221; text_font=&#8221;Alwyn Bold||||||||&#8221; text_text_color=&#8221;#78BE20&#8243; text_font_size=&#8221;19px&#8221; text_line_height=&#8221;1.9em&#8221; background_size=&#8221;initial&#8221; background_position=&#8221;top_left&#8221; background_repeat=&#8221;repeat&#8221; text_orientation=&#8221;center&#8221; max_width=&#8221;710px&#8221; module_alignment=&#8221;center&#8221; animation_style=&#8221;fold&#8221; animation_direction=&#8221;bottom&#8221; animation_intensity_fold=&#8221;20%&#8221; global_colors_info=&#8221;{}&#8221;]<\/p>\n<ul>\n<li style=\"text-align: left;\">Je vergadert minimaal 4 keer per jaar met de directie.<\/li>\n<li style=\"text-align: left;\">De vergadering vinden online of op locatie plaats.<\/li>\n<\/ul>\n<p>[\/et_pb_text][\/et_pb_column][\/et_pb_row][et_pb_row _builder_version=&#8221;4.16&#8243; _module_preset=&#8221;default&#8221; background_size=&#8221;initial&#8221; background_position=&#8221;top_left&#8221; background_repeat=&#8221;repeat&#8221; custom_width_px=&#8221;710px&#8221; global_colors_info=&#8221;{}&#8221;][et_pb_column type=&#8221;4_4&#8243; _builder_version=&#8221;4.16&#8243; _module_preset=&#8221;default&#8221; background_position=&#8221;top_left&#8221; custom_padding=&#8221;|||&#8221; global_colors_info=&#8221;{}&#8221; custom_padding__hover=&#8221;|||&#8221;][et_pb_text admin_label=&#8221;Services Section Title&#8221; _builder_version=&#8221;4.17.4&#8243; _module_preset=&#8221;default&#8221; text_font=&#8221;Alwyn Bold||||||||&#8221; text_text_color=&#8221;#78BE20&#8243; header_font=&#8221;Alwyn Bold||||||||&#8221; header_text_color=&#8221;#78BE20&#8243; header_font_size=&#8221;35px&#8221; text_orientation=&#8221;center&#8221; max_width=&#8221;710px&#8221; module_alignment=&#8221;center&#8221; animation_style=&#8221;fold&#8221; animation_direction=&#8221;bottom&#8221; animation_intensity_fold=&#8221;20%&#8221; global_colors_info=&#8221;{}&#8221;]<\/p>\n<h1><span data-contrast=\"none\" xml:lang=\"NL-NL\" lang=\"NL-NL\" class=\"TextRun SCXW209975614 BCX0\" style=\"color: #99cc00;\"><span class=\"NormalTextRun SCXW209975614 BCX0\">Wat bieden wij?<\/span><\/span><\/h1>\n<p>[\/et_pb_text][et_pb_text admin_label=&#8221;Services Section Subtitle&#8221; _builder_version=&#8221;4.27.5&#8243; _module_preset=&#8221;default&#8221; text_font=&#8221;Alwyn Bold||||||||&#8221; text_text_color=&#8221;#78BE20&#8243; text_font_size=&#8221;19px&#8221; text_line_height=&#8221;1.9em&#8221; background_size=&#8221;initial&#8221; background_position=&#8221;top_left&#8221; background_repeat=&#8221;repeat&#8221; text_orientation=&#8221;center&#8221; max_width=&#8221;710px&#8221; module_alignment=&#8221;center&#8221; animation_style=&#8221;fold&#8221; animation_direction=&#8221;bottom&#8221; animation_intensity_fold=&#8221;20%&#8221; hover_enabled=&#8221;0&#8243; global_colors_info=&#8221;{}&#8221; sticky_enabled=&#8221;0&#8243;]<\/p>\n<ul>\n<li style=\"text-align: left;\">Het gaat om een adviserende rol richting de zorgaanbieder<\/li>\n<li style=\"text-align: left;\">Je ontvangt een vergoeding van \u20ac500,- per jaar.<\/li>\n<li style=\"text-align: left;\">Een reiskostenvergoeding 0,23 per kilometer.<\/li>\n<li style=\"text-align: left;\">Je kunt gebruik maken van scholing gericht op cli\u00ebntenraadwerk.<\/li>\n<\/ul>\n<p>[\/et_pb_text][\/et_pb_column][\/et_pb_row][et_pb_row _builder_version=&#8221;4.16&#8243; _module_preset=&#8221;default&#8221; background_size=&#8221;initial&#8221; background_position=&#8221;top_left&#8221; background_repeat=&#8221;repeat&#8221; custom_width_px=&#8221;710px&#8221; locked=&#8221;off&#8221; global_colors_info=&#8221;{}&#8221;][et_pb_column type=&#8221;4_4&#8243; _builder_version=&#8221;4.16&#8243; _module_preset=&#8221;default&#8221; background_position=&#8221;top_left&#8221; custom_padding=&#8221;|||&#8221; global_colors_info=&#8221;{}&#8221; custom_padding__hover=&#8221;|||&#8221;][et_pb_text admin_label=&#8221;Team Section Title&#8221; _builder_version=&#8221;4.17.4&#8243; _module_preset=&#8221;default&#8221; header_font=&#8221;Alwyn Bold||||||||&#8221; header_text_color=&#8221;#78BE20&#8243; header_font_size=&#8221;36px&#8221; text_orientation=&#8221;center&#8221; max_width=&#8221;710px&#8221; module_alignment=&#8221;center&#8221; animation_style=&#8221;fold&#8221; animation_direction=&#8221;bottom&#8221; animation_intensity_fold=&#8221;20%&#8221; global_colors_info=&#8221;{}&#8221;]<\/p>\n<h1>Interesse?<\/h1>\n<p>[\/et_pb_text][et_pb_text admin_label=&#8221;Team Section Subtitle&#8221; _builder_version=&#8221;4.19.2&#8243; _module_preset=&#8221;default&#8221; text_font=&#8221;Alwyn Bold||||||||&#8221; text_text_color=&#8221;#78BE20&#8243; text_font_size=&#8221;16px&#8221; text_line_height=&#8221;1.9em&#8221; background_size=&#8221;initial&#8221; background_position=&#8221;top_left&#8221; background_repeat=&#8221;repeat&#8221; text_orientation=&#8221;center&#8221; max_width=&#8221;710px&#8221; module_alignment=&#8221;center&#8221; animation_style=&#8221;fold&#8221; animation_direction=&#8221;bottom&#8221; animation_intensity_fold=&#8221;20%&#8221; global_colors_info=&#8221;{}&#8221;]<\/p>\n<p style=\"text-align: center;\"><span data-contrast=\"auto\">We maken graag kennis met je! Je kunt solliciteren door een email<br \/><\/span><span data-contrast=\"auto\">te sturen aan <span style=\"color: #008000;\"><a href=\"mailto:info@bbyzorg.nu\" style=\"color: #008000;\">info@bbyzorg.n<\/a>l<\/span><span style=\"color: #008000;\"> <\/span>t.a.v. Suzanne van Niekerk en <br \/>Gerrie Morren <\/span><span data-contrast=\"auto\">of neem voor aanvullende vragen neem<br \/>telefonisch contact met ons op via <\/span><span data-contrast=\"auto\">085-050 80 80.<\/span><\/p>\n<p><span data-ccp-props=\"{&quot;201341983&quot;:0,&quot;335559739&quot;:160,&quot;335559740&quot;:259}\">\u00a0<\/span><\/p>\n<p>[\/et_pb_text][\/et_pb_column][\/et_pb_row][\/et_pb_section]<\/p>\n","protected":false},"excerpt":{"rendered":"<p>Deelnemers cli\u00ebntenraad gezocht\u00a0Jouw advies is belangrijk! Ben jij (aanstaande) ouder en cli\u00ebnt van Bby Zorg en zou je willen meedenken over betere zorg rondom bevalling en kraamzorg? Wij zijn op zoek naar betrokken cli\u00ebnten die hun ervaringen willen delen. De Cli\u00ebntenraad vertegenwoordigt de cli\u00ebnten van Bby Zorg B.V. en komt op voor hun belangen, praat [&hellip;]<\/p>\n","protected":false},"author":2,"featured_media":0,"parent":0,"menu_order":0,"comment_status":"closed","ping_status":"closed","template":"","meta":{"_et_pb_use_builder":"on","_et_pb_old_content":"","_et_gb_content_width":"","_monsterinsights_skip_tracking":false,"_monsterinsights_sitenote_active":false,"_monsterinsights_sitenote_note":"","_monsterinsights_sitenote_category":0,"footnotes":""},"class_list":["post-1326","page","type-page","status-publish","hentry"],"aioseo_notices":[],"_links":{"self":[{"href":"https:\/\/bbyzorg.nl\/es\/wp-json\/wp\/v2\/pages\/1326","targetHints":{"allow":["GET"]}}],"collection":[{"href":"https:\/\/bbyzorg.nl\/es\/wp-json\/wp\/v2\/pages"}],"about":[{"href":"https:\/\/bbyzorg.nl\/es\/wp-json\/wp\/v2\/types\/page"}],"author":[{"embeddable":true,"href":"https:\/\/bbyzorg.nl\/es\/wp-json\/wp\/v2\/users\/2"}],"replies":[{"embeddable":true,"href":"https:\/\/bbyzorg.nl\/es\/wp-json\/wp\/v2\/comments?post=1326"}],"version-history":[{"count":4,"href":"https:\/\/bbyzorg.nl\/es\/wp-json\/wp\/v2\/pages\/1326\/revisions"}],"predecessor-version":[{"id":1417,"href":"https:\/\/bbyzorg.nl\/es\/wp-json\/wp\/v2\/pages\/1326\/revisions\/1417"}],"wp:attachment":[{"href":"https:\/\/bbyzorg.nl\/es\/wp-json\/wp\/v2\/media?parent=1326"}],"curies":[{"name":"wp","href":"https:\/\/api.w.org\/{rel}","templated":true}]}}